{"id":2,"date":"2025-10-20T13:18:26","date_gmt":"2025-10-20T11:18:26","guid":{"rendered":"http:\/\/bajs.com.pl\/?page_id=2"},"modified":"2025-11-11T15:40:06","modified_gmt":"2025-11-11T14:40:06","slug":"przykladowa-strona","status":"publish","type":"page","link":"http:\/\/bajs.com.pl\/","title":{"rendered":"Home"},"content":{"rendered":"\n\n  <div class=\"banner has-hover is-full-height hide-for-small\" id=\"banner-1216091897\">\n          <div class=\"banner-inner fill\">\n        <div class=\"banner-bg fill\" >\n            <img loading=\"lazy\" decoding=\"async\" width=\"1400\" height=\"1978\" src=\"http:\/\/bajs.com.pl\/wp-content\/uploads\/2025\/11\/BAJS_Plakat_BEZ_LOGA.jpg\" class=\"bg attachment-original size-original\" alt=\"\" \/>                        <div class=\"overlay\"><\/div>            \n                    <\/div>\n\t\t\n        <div class=\"banner-layers container\">\n            <div class=\"fill banner-link\"><\/div>            \n\n   <div id=\"text-box-1853353450\" class=\"text-box banner-layer x50 md-x50 lg-x50 y30 md-y30 lg-y30 res-text\">\n                                <div class=\"text-box-content text dark\">\n              \n              <div class=\"text-inner text-center\">\n                  \n\n\t<div class=\"img has-hover x md-x lg-x y md-y lg-y\" id=\"image_718005547\">\n\t\t\t\t\t\t\t\t<div class=\"img-inner dark\" >\n\t\t\t<img loading=\"lazy\" decoding=\"async\" width=\"1020\" height=\"502\" src=\"http:\/\/bajs.com.pl\/wp-content\/uploads\/2025\/11\/bajs-logo-light-1024x504.png\" class=\"attachment-large size-large\" alt=\"bajs-logo-light\" srcset=\"http:\/\/bajs.com.pl\/wp-content\/uploads\/2025\/11\/bajs-logo-light-1024x504.png 1024w, http:\/\/bajs.com.pl\/wp-content\/uploads\/2025\/11\/bajs-logo-light-300x148.png 300w, http:\/\/bajs.com.pl\/wp-content\/uploads\/2025\/11\/bajs-logo-light-768x378.png 768w, http:\/\/bajs.com.pl\/wp-content\/uploads\/2025\/11\/bajs-logo-light-1536x756.png 1536w, http:\/\/bajs.com.pl\/wp-content\/uploads\/2025\/11\/bajs-logo-light-2048x1009.png 2048w\" sizes=\"auto, (max-width: 1020px) 100vw, 1020px\" \/>\t\t\t\t\t\t\n\t\t\t\t\t<\/div>\n\t\t\t\t\t\t\t\t\n<style>\n#image_718005547 {\n  width: 100%;\n}\n<\/style>\n\t<\/div>\n\t\n\n\n              <\/div>\n           <\/div>\n                            \n<style>\n#text-box-1853353450 {\n  width: 50%;\n}\n#text-box-1853353450 .text-box-content {\n  font-size: 100%;\n}\n<\/style>\n    <\/div>\n \n   <div id=\"text-box-721101296\" class=\"text-box banner-layer x50 md-x50 lg-x50 y100 md-y100 lg-y100 res-text\">\n                                <div class=\"text-box-content text dark\">\n              \n              <div class=\"text-inner text-center\">\n                  \n\n<div class=\"row row-collapse row-full-width align-bottom\"  id=\"row-1005609832\">\n\n\n\t<div id=\"col-765243449\" class=\"col medium-4 small-8 large-4\"  >\n\t\t\t\t<div class=\"col-inner text-left\"  >\n\t\t\t\n\t\t\t\n\n\t<div id=\"text-419774190\" class=\"text\">\n\t\t\n\n<p>Rezerwacje od 8 os\u00f3b przyjmujemy wy\u0142\u0105cznie mailem na adres rezerwacje@bajs.com.pl<\/p>\n\t\t\n<style>\n#text-419774190 {\n  font-size: 0.75rem;\n  text-align: center;\n  color: #f1e6b2;\n}\n#text-419774190 > * {\n  color: #f1e6b2;\n}\n@media (min-width:550px) {\n  #text-419774190 {\n    font-size: 0.75rem;\n  }\n}\n<\/style>\n\t<\/div>\n\t\n\t<div id=\"gap-68720457\" class=\"gap-element clearfix\" style=\"display:block; height:auto;\">\n\t\t\n<style>\n#gap-68720457 {\n  padding-top: 10px;\n}\n<\/style>\n\t<\/div>\n\t\n\n\t<div id=\"stack-3210869515\" class=\"stack stack-row justify-start items-stretch\">\n\t\t\n\n\t<div class=\"box has-hover   has-hover box-text-bottom\" >\n\n\t\t<div class=\"box-image\" style=\"width:50%;\">\n\t\t\t<a href=\"https:\/\/maps.app.goo.gl\/WCu7cZnTCjceBa61A\" target=\"_blank\" rel=\"noopener\" >\t\t\t<div class=\"image-cover\" style=\"padding-top:100%;\">\n\t\t\t\t<img loading=\"lazy\" decoding=\"async\" width=\"694\" height=\"694\" src=\"http:\/\/bajs.com.pl\/wp-content\/uploads\/2025\/10\/bajs-localization-icon-light.png\" class=\"attachment- size-\" alt=\"bajs-localization-icon-light\" srcset=\"http:\/\/bajs.com.pl\/wp-content\/uploads\/2025\/10\/bajs-localization-icon-light.png 694w, http:\/\/bajs.com.pl\/wp-content\/uploads\/2025\/10\/bajs-localization-icon-light-300x300.png 300w, http:\/\/bajs.com.pl\/wp-content\/uploads\/2025\/10\/bajs-localization-icon-light-150x150.png 150w\" sizes=\"auto, (max-width: 694px) 100vw, 694px\" \/>\t\t\t\t\t\t\t\t\t\t\t<\/div>\n\t\t\t<\/a>\t\t<\/div>\n\n\t\t<div class=\"box-text text-center\" >\n\t\t\t<div class=\"box-text-inner\">\n\t\t\t\t\n\n\t<div id=\"text-2052872571\" class=\"text\">\n\t\t\n\n<p><span style=\"font-size: 90%;\">DOJAZD<\/span><\/p>\n\t\t\n<style>\n#text-2052872571 {\n  font-size: 0.75rem;\n  color: #f1e6b2;\n}\n#text-2052872571 > * {\n  color: #f1e6b2;\n}\n<\/style>\n\t<\/div>\n\t\n\n\t\t\t<\/div>\n\t\t<\/div>\n\t<\/div>\n\t\n\t<div class=\"box has-hover   has-hover box-text-bottom\" >\n\n\t\t<div class=\"box-image\" style=\"width:50%;\">\n\t\t\t<a href=\"tel:%20+48739044422\" target=\"_blank\" rel=\"noopener\" >\t\t\t<div class=\"image-cover\" style=\"padding-top:100%;\">\n\t\t\t\t<img loading=\"lazy\" decoding=\"async\" width=\"694\" height=\"694\" src=\"http:\/\/bajs.com.pl\/wp-content\/uploads\/2025\/10\/bajs-call-icon-light.png\" class=\"attachment- size-\" alt=\"bajs-call-icon-light\" srcset=\"http:\/\/bajs.com.pl\/wp-content\/uploads\/2025\/10\/bajs-call-icon-light.png 694w, http:\/\/bajs.com.pl\/wp-content\/uploads\/2025\/10\/bajs-call-icon-light-300x300.png 300w, http:\/\/bajs.com.pl\/wp-content\/uploads\/2025\/10\/bajs-call-icon-light-150x150.png 150w\" sizes=\"auto, (max-width: 694px) 100vw, 694px\" \/>\t\t\t\t\t\t\t\t\t\t\t<\/div>\n\t\t\t<\/a>\t\t<\/div>\n\n\t\t<div class=\"box-text text-center\" >\n\t\t\t<div class=\"box-text-inner\">\n\t\t\t\t\n\n\t<div id=\"text-2099334744\" class=\"text\">\n\t\t\n\n<p><span style=\"font-size: 90%;\">ZADZWO\u0143<\/span><\/p>\n\t\t\n<style>\n#text-2099334744 {\n  font-size: 0.75rem;\n  color: #f1e6b2;\n}\n#text-2099334744 > * {\n  color: #f1e6b2;\n}\n<\/style>\n\t<\/div>\n\t\n\n\t\t\t<\/div>\n\t\t<\/div>\n\t<\/div>\n\t\n\t<div class=\"box has-hover   has-hover box-text-bottom\" >\n\n\t\t<div class=\"box-image\" style=\"width:50%;\">\n\t\t\t<a href=\"mailto:rezerwacje@bajs.com.pl\" target=\"_blank\" rel=\"noopener\" >\t\t\t<div class=\"\" >\n\t\t\t\t<img loading=\"lazy\" decoding=\"async\" width=\"694\" height=\"694\" src=\"http:\/\/bajs.com.pl\/wp-content\/uploads\/2025\/10\/bajs-mail-icon-light.png\" class=\"attachment- size-\" alt=\"bajs-mail-icon-light\" srcset=\"http:\/\/bajs.com.pl\/wp-content\/uploads\/2025\/10\/bajs-mail-icon-light.png 694w, http:\/\/bajs.com.pl\/wp-content\/uploads\/2025\/10\/bajs-mail-icon-light-300x300.png 300w, http:\/\/bajs.com.pl\/wp-content\/uploads\/2025\/10\/bajs-mail-icon-light-150x150.png 150w\" sizes=\"auto, (max-width: 694px) 100vw, 694px\" \/>\t\t\t\t\t\t\t\t\t\t\t<\/div>\n\t\t\t<\/a>\t\t<\/div>\n\n\t\t<div class=\"box-text text-center\" >\n\t\t\t<div class=\"box-text-inner\">\n\t\t\t\t\n\n\t<div id=\"text-1852940605\" class=\"text\">\n\t\t\n\n<p><span style=\"color: #f1e6b2;\"><a style=\"color: #f1e6b2;\" href=\"mailto:rezerwacje@bajs.com.pl\"><span style=\"font-size: 90%;\">NAPISZ<\/span><\/a><\/span><\/p>\n\t\t\n<style>\n#text-1852940605 {\n  font-size: 0.75rem;\n  color: rgb(241, 230, 178);\n}\n#text-1852940605 > * {\n  color: rgb(241, 230, 178);\n}\n<\/style>\n\t<\/div>\n\t\n\n\t\t\t<\/div>\n\t\t<\/div>\n\t<\/div>\n\t\n\t<div class=\"box has-hover   has-hover box-text-bottom\" >\n\n\t\t<div class=\"box-image\" style=\"width:50%;\">\n\t\t\t<a href=\"https:\/\/www.instagram.com\/bajs.warszawa\/\" target=\"_blank\" rel=\"noopener\" >\t\t\t<div class=\"\" >\n\t\t\t\t<img loading=\"lazy\" decoding=\"async\" width=\"694\" height=\"694\" src=\"http:\/\/bajs.com.pl\/wp-content\/uploads\/2025\/10\/bajs-instagram-icon-light.png\" class=\"attachment- size-\" alt=\"bajs-instagram-icon-light\" srcset=\"http:\/\/bajs.com.pl\/wp-content\/uploads\/2025\/10\/bajs-instagram-icon-light.png 694w, http:\/\/bajs.com.pl\/wp-content\/uploads\/2025\/10\/bajs-instagram-icon-light-300x300.png 300w, http:\/\/bajs.com.pl\/wp-content\/uploads\/2025\/10\/bajs-instagram-icon-light-150x150.png 150w\" sizes=\"auto, (max-width: 694px) 100vw, 694px\" \/>\t\t\t\t\t\t\t\t\t\t\t<\/div>\n\t\t\t<\/a>\t\t<\/div>\n\n\t\t<div class=\"box-text text-center\" >\n\t\t\t<div class=\"box-text-inner\">\n\t\t\t\t\n\n\t<div id=\"text-258427163\" class=\"text\">\n\t\t\n\n<p><span style=\"font-size: 90%;\">INSTAGRAM<\/span><\/p>\n\t\t\n<style>\n#text-258427163 {\n  font-size: 0.75rem;\n  color: rgb(241, 230, 178);\n}\n#text-258427163 > * {\n  color: rgb(241, 230, 178);\n}\n<\/style>\n\t<\/div>\n\t\n\n\t\t\t<\/div>\n\t\t<\/div>\n\t<\/div>\n\t\n\n\t\t\n<style>\n#stack-3210869515 > * {\n  --stack-gap: 0rem;\n}\n<\/style>\n\t<\/div>\n\t\n\n\t\t<\/div>\n\t\t\t\t\n<style>\n#col-765243449 > .col-inner {\n  padding: 0px 20px 0px 20px;\n}\n<\/style>\n\t<\/div>\n\n\t\n\n\t<div id=\"col-516849763\" class=\"col medium-4 small-4 large-4\"  >\n\t\t\t\t<div class=\"col-inner\"  >\n\t\t\t\n\t\t\t\n\n\n\t\t<\/div>\n\t\t\t\t\n<style>\n#col-516849763 > .col-inner {\n  padding: 0px 20px 0px 0px;\n}\n@media (min-width:550px) {\n  #col-516849763 > .col-inner {\n    padding: 0px 20px 0px 20px;\n  }\n}\n<\/style>\n\t<\/div>\n\n\t\n\n\t<div id=\"col-1725099578\" class=\"col medium-4 small-4 large-4\"  >\n\t\t\t\t<div class=\"col-inner\"  >\n\t\t\t\n\t\t\t\n\n\n\n<div class=\"zjedzmy-widget\" data-id=\"3510\" data-site-url=\"https:\/\/zjedz.my\"><\/div>\n\n\n\t\t<\/div>\n\t\t\t\t\n<style>\n#col-1725099578 > .col-inner {\n  padding: 0px 20px 0px 0px;\n}\n@media (min-width:550px) {\n  #col-1725099578 > .col-inner {\n    padding: 0px 20px 0px 20px;\n  }\n}\n<\/style>\n\t<\/div>\n\n\t\n\n<\/div>\n\n              <\/div>\n           <\/div>\n                            \n<style>\n#text-box-721101296 {\n  width: 100%;\n}\n#text-box-721101296 .text-box-content {\n  font-size: 100%;\n}\n<\/style>\n    <\/div>\n \n\n        <\/div>\n      <\/div>\n\n            \n<style>\n#banner-1216091897 {\n  padding-top: 100%;\n  background-color: rgb(241, 230, 178);\n}\n#banner-1216091897 .overlay {\n  background-color: rgba(0, 0, 0, 0);\n}\n#banner-1216091897 .banner-bg img {\n  object-position: 50% 96%;\n}\n@media (min-width:550px) {\n  #banner-1216091897 {\n    padding-top: 100%;\n  }\n  #banner-1216091897 .overlay {\n    background-color: rgba(0, 0, 0, 0);\n  }\n}\n@media (min-width:850px) {\n  #banner-1216091897 .overlay {\n    background-color: rgba(0, 0, 0, 0);\n  }\n}\n<\/style>\n  <\/div>\n\n\n\n  <div class=\"banner has-hover is-full-height show-for-medium\" id=\"banner-1373739029\">\n          <div class=\"banner-inner fill\">\n        <div class=\"banner-bg fill\" >\n            <img loading=\"lazy\" decoding=\"async\" width=\"1400\" height=\"1618\" src=\"http:\/\/bajs.com.pl\/wp-content\/uploads\/2025\/11\/BAJS_Plakat_BEZ_LOGA-v2.jpg\" class=\"bg attachment-original size-original\" alt=\"BAJS_Plakat_BEZ_LOGA\" \/>                        <div class=\"overlay\"><\/div>            \n                    <\/div>\n\t\t\n        <div class=\"banner-layers container\">\n            <div class=\"fill banner-link\"><\/div>            \n\n   <div id=\"text-box-1736986072\" class=\"text-box banner-layer x50 md-x50 lg-x50 y30 md-y50 lg-y50 res-text\">\n                                <div class=\"text-box-content text dark\">\n              \n              <div class=\"text-inner text-center\">\n                  \n\n\t<div class=\"img has-hover x md-x lg-x y md-y lg-y\" id=\"image_1634411220\">\n\t\t\t\t\t\t\t\t<div class=\"img-inner dark\" >\n\t\t\t<img loading=\"lazy\" decoding=\"async\" width=\"1020\" height=\"502\" src=\"http:\/\/bajs.com.pl\/wp-content\/uploads\/2025\/11\/bajs-logo-light-1024x504.png\" class=\"attachment-large size-large\" alt=\"bajs-logo-light\" srcset=\"http:\/\/bajs.com.pl\/wp-content\/uploads\/2025\/11\/bajs-logo-light-1024x504.png 1024w, http:\/\/bajs.com.pl\/wp-content\/uploads\/2025\/11\/bajs-logo-light-300x148.png 300w, http:\/\/bajs.com.pl\/wp-content\/uploads\/2025\/11\/bajs-logo-light-768x378.png 768w, http:\/\/bajs.com.pl\/wp-content\/uploads\/2025\/11\/bajs-logo-light-1536x756.png 1536w, http:\/\/bajs.com.pl\/wp-content\/uploads\/2025\/11\/bajs-logo-light-2048x1009.png 2048w\" sizes=\"auto, (max-width: 1020px) 100vw, 1020px\" \/>\t\t\t\t\t\t\n\t\t\t\t\t<\/div>\n\t\t\t\t\t\t\t\t\n<style>\n#image_1634411220 {\n  width: 100%;\n}\n<\/style>\n\t<\/div>\n\t\n\n\n              <\/div>\n           <\/div>\n                            \n<style>\n#text-box-1736986072 {\n  width: 60%;\n}\n#text-box-1736986072 .text-box-content {\n  font-size: 100%;\n}\n@media (min-width:550px) {\n  #text-box-1736986072 {\n    width: 60%;\n  }\n}\n<\/style>\n    <\/div>\n \n\n        <\/div>\n      <\/div>\n\n            \n<style>\n#banner-1373739029 {\n  padding-top: 100%;\n  background-color: rgb(241, 230, 178);\n}\n#banner-1373739029 .overlay {\n  background-color: rgba(0, 0, 0, 0);\n}\n#banner-1373739029 .banner-bg img {\n  object-position: 50% 100%;\n}\n@media (min-width:550px) {\n  #banner-1373739029 {\n    padding-top: 100%;\n  }\n}\n@media (min-width:850px) {\n  #banner-1373739029 .overlay {\n    background-color: rgba(0, 0, 0, 0);\n  }\n}\n<\/style>\n  <\/div>\n\n\n\n","protected":false},"excerpt":{"rendered":"","protected":false},"author":1,"featured_media":0,"parent":0,"menu_order":0,"comment_status":"closed","ping_status":"open","template":"page-blank-landingpage.php","meta":{"footnotes":""},"class_list":["post-2","page","type-page","status-publish","hentry"],"_links":{"self":[{"href":"http:\/\/bajs.com.pl\/index.php\/wp-json\/wp\/v2\/pages\/2","targetHints":{"allow":["GET"]}}],"collection":[{"href":"http:\/\/bajs.com.pl\/index.php\/wp-json\/wp\/v2\/pages"}],"about":[{"href":"http:\/\/bajs.com.pl\/index.php\/wp-json\/wp\/v2\/types\/page"}],"author":[{"embeddable":true,"href":"http:\/\/bajs.com.pl\/index.php\/wp-json\/wp\/v2\/users\/1"}],"replies":[{"embeddable":true,"href":"http:\/\/bajs.com.pl\/index.php\/wp-json\/wp\/v2\/comments?post=2"}],"version-history":[{"count":63,"href":"http:\/\/bajs.com.pl\/index.php\/wp-json\/wp\/v2\/pages\/2\/revisions"}],"predecessor-version":[{"id":144,"href":"http:\/\/bajs.com.pl\/index.php\/wp-json\/wp\/v2\/pages\/2\/revisions\/144"}],"wp:attachment":[{"href":"http:\/\/bajs.com.pl\/index.php\/wp-json\/wp\/v2\/media?parent=2"}],"curies":[{"name":"wp","href":"https:\/\/api.w.org\/{rel}","templated":true}]}}